{"id":185,"date":"2020-04-21T10:53:52","date_gmt":"2020-04-21T08:53:52","guid":{"rendered":"http:\/\/resiliane.com\/?page_id=185"},"modified":"2022-01-20T12:48:13","modified_gmt":"2022-01-20T11:48:13","slug":"mentions-legales-politique-de-confidentialite","status":"publish","type":"page","link":"https:\/\/resiliane.com\/index.php\/fr\/accueil\/mentions-legales-politique-de-confidentialite\/","title":{"rendered":"Mentions L\u00e9gales &#8211; Politique de confidentialit\u00e9"},"content":{"rendered":"\t\t<div data-elementor-type=\"wp-page\" data-elementor-id=\"185\" class=\"elementor elementor-185\">\n\t\t\t\t\t\t\t\t\t<section class=\"elementor-section elementor-top-section elementor-element elementor-element-4f867ea elementor-section-boxed elementor-section-height-default elementor-section-height-default\" data-id=\"4f867ea\" data-element_type=\"section\">\n\t\t\t\t\t\t<div class=\"elementor-container elementor-column-gap-default\">\n\t\t\t\t\t<div class=\"elementor-column elementor-col-100 elementor-top-column elementor-element elementor-element-2c1ddf5d\" data-id=\"2c1ddf5d\" data-element_type=\"column\">\n\t\t\t<div class=\"elementor-widget-wrap elementor-element-populated\">\n\t\t\t\t\t\t\t\t<div class=\"elementor-element elementor-element-21d498b elementor-widget elementor-widget-text-editor\" data-id=\"21d498b\" data-element_type=\"widget\" data-widget_type=\"text-editor.default\">\n\t\t\t\t<div class=\"elementor-widget-container\">\n\t\t\t\t\t\t\t<p><!-- wp:heading --><\/p>\n<p>Conform\u00e9ment \u00e0 la Loi n\u00b02004-575 du 21 juin 2004 pour la confiance dans l&#8217;\u00e9conomie num\u00e9rique : article 6, articles 19 et 20, nous vous remercions de lire les informations suivantes\u00a0:<\/p>\n<h2>Qui sommes-nous\u00a0?<\/h2>\n<p><!-- \/wp:heading --><!-- wp:paragraph --><\/p>\n<p>Soci\u00e9t\u00e9 Resiliane<br \/>SASU au capital de 5000\u20ac<br \/>RCS Chamb\u00e9ry 854033628<br \/>Siret : 854 033 628 00025<br \/>N\u00b0TVA intracom. FR29854033628<br \/>Adresse du si\u00e8ge social : 447 route de chez Robert, La For\u00eat, 73410 Saint-Ours &#8211; France<br \/>Tel : +336 09 52 99 46<br \/>Email : contact(arobase)resiliane.com<br \/>Site internet : https:\/\/resiliane.com\/ <br \/>Le Cr\u00e9ateur du site est : resiliane.com<br \/>Ce site est publi\u00e9 sous la responsabilit\u00e9 de Guy MARMORAT, Pr\u00e9sident de la soci\u00e9t\u00e9 Resiliane.<\/p>\n<p><!-- \/wp:paragraph --><!-- wp:heading --><\/p>\n<h2>H\u00e9bergement<\/h2>\n<p><!-- \/wp:heading --><!-- wp:heading {\"level\":3} --><!-- \/wp:heading --><!-- wp:paragraph --><\/p>\n<p>Soci\u00e9t\u00e9 OVH, SAS, soci\u00e9t\u00e9 de droit Fran\u00e7ais, \u00e9lisant domicile 2 rue Kellermann 59100 Roubaix, inscrite au RCS de LILLE METROPOLE sous le num\u00e9ro B 424 761 419.<\/p>\n<h2>Pr\u00e9sentation et principes<\/h2>\n<p>La soci\u00e9t\u00e9 Resiliane propose des prestations de service d\u2019audit et de s\u00e9curit\u00e9 pour les syst\u00e8mes d\u2019information install\u00e9s sur les serveurs IBM i\u00ae (AS\/400).<br \/>Resiliane s\u2019efforce de fournir sur son site internet des informations les plus pr\u00e9cises possibles (sous r\u00e9serve de modifications apport\u00e9es depuis leur mise en ligne), mais ne saurait garantir l\u2019exactitude, la compl\u00e9tude et l\u2019actualit\u00e9 des informations diffus\u00e9es sur son site, qu\u2019elles soient de son fait ou du fait des tiers partenaires qui lui fournissent ces informations.<br \/>En cons\u00e9quence, le visiteur de ce site reconna\u00eet utiliser ces informations donn\u00e9es (\u00e0 titre indicatif, non exhaustives et susceptibles d\u2019\u00e9voluer) sous sa responsabilit\u00e9 exclusive.<\/p>\n<h3>Accessibilit\u00e9\u00a0<\/h3>\n<p>Le site resiliane.com est par principe accessible aux utilisateurs 24\/24h, 7\/7j, sauf interruption, programm\u00e9e ou non, pour les besoins de sa maintenance ou en cas de force majeure.<br \/>En cas d\u2019impossibilit\u00e9 d\u2019acc\u00e8s au service, resiliane.com s\u2019engage \u00e0 faire son maximum afin de r\u00e9tablir l\u2019acc\u00e8s au service et s\u2019efforcera alors de communiquer pr\u00e9alablement aux usagers les dates et heures de l\u2019intervention.<br \/>N\u2019\u00e9tant soumis qu\u2019\u00e0 une obligation de moyen resiliane.com ne saurait \u00eatre tenu pour responsable de tout dommage, quelle qu\u2019en soit la nature, r\u00e9sultant d\u2019une indisponibilit\u00e9 du service.<\/p>\n<h3>Propri\u00e9t\u00e9 intellectuelle<\/h3>\n<p>Resiliane est propri\u00e9taire exclusif de tous les droits de propri\u00e9t\u00e9 intellectuelle ou d\u00e9tient les droits d\u2019usage sur tous les \u00e9l\u00e9ments accessibles sur le site, tant sur la structure que sur les textes, graphismes, logo, et ic\u00f4nes. Images: Resiliane | Shutterstock.<br \/>Toute reproduction totale ou partielle du site resiliane.com, repr\u00e9sentation, modification, publication, adaptation totale ou partielle de l\u2019un de ces \u00e9l\u00e9ments, quel que soit le moyen ou le proc\u00e9d\u00e9 utilis\u00e9, est interdite, sauf autorisation \u00e9crite pr\u00e9alable du responsable de la publication de https:\/\/resiliane.com ; \u00e0 d\u00e9faut elle sera consid\u00e9r\u00e9e comme constitutive d\u2019une contrefa\u00e7on et passible de poursuite conform\u00e9ment aux dispositions des articles L.335-2 et suivants du Code de Propri\u00e9t\u00e9 Intellectuelle.<\/p>\n<h3>Droit applicable et attribution de juridiction<\/h3>\n<p>Tout litige en relation avec l\u2019utilisation du site resiliane.com est soumis au droit fran\u00e7ais. Il est fait attribution exclusive de juridiction aux tribunaux comp\u00e9tents de Chamb\u00e9ry, 73000, France.<\/p>\n<h3>Cookies<\/h3>\n<p>Un cookie est un petit fichier informatique, un traceur. Il permet d&#8217;analyser le comportement des usagers lors de la visite d&#8217;un site internet, de la lecture d&#8217;un courrier \u00e9lectronique, de l&#8217;installation ou de l&#8217;utilisation d&#8217;un logiciel ou d&#8217;une application mobile.<br \/>En poursuivant sur ce site, des cookies sont susceptibles de s\u2019installer sur votre \u00e9quipement terminal de communications \u00e9lectroniques.<br \/>L\u2019usager peut toutefois configurer le navigateur de son \u00e9quipement terminal de communications \u00e9lectroniques pour refuser l\u2019installation des cookies, sachant que le refus d\u2019installation d\u2019un cookie peut entra\u00eener l\u2019impossibilit\u00e9 d\u2019acc\u00e9der \u00e0 certains services.<br \/>Si vous nous envoyer un message par notre adresse courriel \u00ab contact \u00bb, vos informations seront utilis\u00e9es uniquement dans le but de r\u00e9pondre \u00e0 votre demande.<br \/>L\u2019usager fournit ces informations en toute connaissance de cause, notamment lorsqu\u2019il proc\u00e8de par lui-m\u00eame \u00e0 leur saisie. Il est alors pr\u00e9cis\u00e9 \u00e0 l\u2019usager du site resiliane.com l\u2019obligation ou non de fournir ces informations.<\/p>\n<h3>Contenu embarqu\u00e9 depuis d&#8217;autres sites<\/h3>\n<p>Certains articles de ce site peuvent inclure des contenus int\u00e9gr\u00e9s (par exemple des vid\u00e9os, images, articles\u2026). Le contenu int\u00e9gr\u00e9 depuis d\u2019autres sites se comporte de la m\u00eame mani\u00e8re que si le visiteur se rendait sur cet autre site. Ces sites web pourraient collecter des donn\u00e9es sur vous, utiliser des cookies, embarquer des outils de suivis tiers, suivre vos interactions avec ces contenus embarqu\u00e9s si vous disposez d\u2019un compte connect\u00e9 sur leur site web.<\/p>\n<h3>Utilisation et transmission de vos donn\u00e9es personnelles<\/h3>\n<p>Resiliane ne collecte aucune information de l\u2019usager de ce site. Seules les informations transmises volontairement par l\u2019usager par le biais de notre adresse courriel \u00ab contact \u00bb seront destin\u00e9es \u00e0 fournir une r\u00e9ponse \u00e0 l\u2019usager demandeur dans le cadre du service propos\u00e9 sur notre site internet https:\/\/resiliane.com\/ ou https:\/\/resiliane.com.<\/p>\n<h3>Dur\u00e9e de stockage de vos donn\u00e9es\u00a0<\/h3>\n<p>Aucun commentaire et\/ou donn\u00e9e ne peuvent \u00eatre inscrits sur le site https:\/\/resiliane.com\/ ou https:\/\/resiliane.com\/ par l\u2019usager.<\/p>\n<h3>Les droits que vous avez sur vos donn\u00e9es\u00a0<\/h3>\n<p>Si vous avez transmis des informations personnelles par le biais de notre site (par le biais de notre adresse courriel &#8220;contact&#8221;), vous pouvez demander \u00e0 recevoir un fichier contenant toutes les donn\u00e9es personnelles que nous poss\u00e9dons \u00e0 votre sujet, incluant celles que vous nous avez fournies. Vous pouvez \u00e9galement demander la suppression des donn\u00e9es personnelles vous concernant. Cela ne prend pas en compte les donn\u00e9es stock\u00e9es \u00e0 des fins administratives, l\u00e9gales ou pour des raisons de s\u00e9curit\u00e9.<br \/>Pour exercer ces droits ou pour toute question sur le traitement de vos donn\u00e9es dans ce dispositif, vous pouvez contacter : <br \/>&#8211; Coordonn\u00e9es du d\u00e9l\u00e9gu\u00e9 \u00e0 la protection des donn\u00e9es (DPO ou DPD) : contact(arobase)resiliane.com<br \/>Envoyez votre demande par \u00e9crit d\u00fbment sign\u00e9e, accompagn\u00e9e d\u2019une copie du titre d\u2019identit\u00e9 avec signature du titulaire de la pi\u00e8ce, en pr\u00e9cisant l\u2019adresse \u00e0 laquelle la r\u00e9ponse doit \u00eatre envoy\u00e9e.<\/p>\n<h3>Transmission de vos donn\u00e9es personnelles<\/h3>\n<p>Aucune donn\u00e9e \u00e0 caract\u00e8re personnel ne sera publi\u00e9e \u00e0 l\u2019insu de l\u2019usager, \u00e9chang\u00e9e, transf\u00e9r\u00e9e, c\u00e9d\u00e9e ou vendue sur un support quelconque \u00e0 des tiers. <br \/>Consultez le site cnil.fr pour plus d\u2019informations sur vos droits.<br \/>Si vous estimez, apr\u00e8s nous avoir contact\u00e9s, que vos droits \u00ab Informatique et Libert\u00e9s \u00bb ne sont pas respect\u00e9s, vous pouvez adresser une r\u00e9clamation \u00e0 la CNIL.<\/p>\n<p><strong>L&#8217;utilisation du site resiliane.com signifie que vous acceptez ses Mentions L\u00e9gales.<\/strong><\/p>\n<p><!-- \/wp:heading --><\/p>\t\t\t\t\t\t<\/div>\n\t\t\t\t<\/div>\n\t\t\t\t\t<\/div>\n\t\t<\/div>\n\t\t\t\t\t\t\t<\/div>\n\t\t<\/section>\n\t\t\t\t\t\t\t<\/div>\n\t\t","protected":false},"excerpt":{"rendered":"<p>Conform\u00e9ment \u00e0 la Loi n\u00b02004-575 du 21 juin 2004 pour la confiance dans l&#8217;\u00e9conomie num\u00e9rique : article 6, articles 19 et 20, nous vous remercions de lire les informations suivantes\u00a0: Qui sommes-nous\u00a0? Soci\u00e9t\u00e9 ResilianeSASU au capital de 5000\u20acRCS Chamb\u00e9ry 854033628Siret : 854 033 628 00025N\u00b0TVA intracom. FR29854033628Adresse du si\u00e8ge social : 447 route de chez [&hellip;]<\/p>\n","protected":false},"author":1,"featured_media":0,"parent":173,"menu_order":0,"comment_status":"closed","ping_status":"closed","template":"","meta":{"footnotes":""},"class_list":["post-185","page","type-page","status-publish","hentry"],"_links":{"self":[{"href":"https:\/\/resiliane.com\/index.php\/wp-json\/wp\/v2\/pages\/185","targetHints":{"allow":["GET"]}}],"collection":[{"href":"https:\/\/resiliane.com\/index.php\/wp-json\/wp\/v2\/pages"}],"about":[{"href":"https:\/\/resiliane.com\/index.php\/wp-json\/wp\/v2\/types\/page"}],"author":[{"embeddable":true,"href":"https:\/\/resiliane.com\/index.php\/wp-json\/wp\/v2\/users\/1"}],"replies":[{"embeddable":true,"href":"https:\/\/resiliane.com\/index.php\/wp-json\/wp\/v2\/comments?post=185"}],"version-history":[{"count":8,"href":"https:\/\/resiliane.com\/index.php\/wp-json\/wp\/v2\/pages\/185\/revisions"}],"predecessor-version":[{"id":351,"href":"https:\/\/resiliane.com\/index.php\/wp-json\/wp\/v2\/pages\/185\/revisions\/351"}],"up":[{"embeddable":true,"href":"https:\/\/resiliane.com\/index.php\/wp-json\/wp\/v2\/pages\/173"}],"wp:attachment":[{"href":"https:\/\/resiliane.com\/index.php\/wp-json\/wp\/v2\/media?parent=185"}],"curies":[{"name":"wp","href":"https:\/\/api.w.org\/{rel}","templated":true}]}}